{"id":3725,"date":"2024-06-04T16:47:17","date_gmt":"2024-06-04T14:47:17","guid":{"rendered":"https:\/\/istrainspirit.dev.webencore.net\/hotels-and-agencies\/"},"modified":"2024-06-06T19:58:37","modified_gmt":"2024-06-06T17:58:37","slug":"hotels-and-agencies","status":"publish","type":"page","link":"https:\/\/www.istrainspirit.hr\/en\/hotels-and-agencies\/","title":{"rendered":"Hotels and agencies"},"content":{"rendered":"\t\t<div data-elementor-type=\"wp-page\" data-elementor-id=\"3725\" class=\"elementor elementor-3725 elementor-3687\" data-elementor-post-type=\"page\">\n\t\t\t\t<div class=\"elementor-element elementor-element-1e11179 e-flex e-con-boxed e-con e-parent\" data-id=\"1e11179\" data-element_type=\"container\" data-settings=\"{&quot;jet_parallax_layout_list&quot;:[]}\">\n\t\t\t\t\t<div class=\"e-con-inner\">\n\t\t<div class=\"elementor-element elementor-element-54372c9 e-con-full e-flex e-con e-child\" data-id=\"54372c9\" data-element_type=\"container\" data-settings=\"{&quot;jet_parallax_layout_list&quot;:[]}\">\n\t\t\t\t<div class=\"elementor-element elementor-element-c1b7f33 elementor-widget elementor-widget-text-editor\" data-id=\"c1b7f33\" data-element_type=\"widget\" data-widget_type=\"text-editor.default\">\n\t\t\t\t<div class=\"elementor-widget-container\">\n\t\t\t<style>\/*! elementor - v3.21.0 - 26-05-2024 *\/\n.elementor-widget-text-editor.elementor-drop-cap-view-stacked .elementor-drop-cap{background-color:#69727d;color:#fff}.elementor-widget-text-editor.elementor-drop-cap-view-framed .elementor-drop-cap{color:#69727d;border:3px solid;background-color:transparent}.elementor-widget-text-editor:not(.elementor-drop-cap-view-default) .elementor-drop-cap{margin-top:8px}.elementor-widget-text-editor:not(.elementor-drop-cap-view-default) .elementor-drop-cap-letter{width:1em;height:1em}.elementor-widget-text-editor .elementor-drop-cap{float:left;text-align:center;line-height:1;font-size:50px}.elementor-widget-text-editor .elementor-drop-cap-letter{display:inline-block}<\/style>\t\t\t\t<p><em><strong>Do you want to provide your guests an unforgettable experience during their stay at your establishment and enrich and surprise your clients with innovative content?<\/strong><\/em><\/p><p>Then you are in the right place because here you can learn about everything the Istra Inspirit project offers to your travel agencies or hotels and discover the ideal program that will best suit your esteemed guests&#8217; wishes, needs, and demands.<\/p><p>Recent research shows that modern travellers increasingly want to <strong>explore independently and discover the authentic values of a specific destination<\/strong> by learning about the <strong>cultural and traditional heritage<\/strong> unique to that area. In this context, Istra Inspirit, an innovative cultural experience tourism product, represents the ideal choice for you and your esteemed guests.<\/p><p>During its twelve years of existence (2012-2024), Istra Inspirit has held around a thousand performances for guests at <strong>authentic locations \u2013 old town centres, medieval castles, mines, archaeological sites throughout Istria <\/strong>(Medulin, Pula, Brijuni, Labin \u2013 Ra\u0161a, Svetvin\u010denat, Buzet, Pazin, Savudrija, Pore\u010d, Rovinj, Gro\u017enjan, Zavr\u0161je, Ro\u010d). Additionally, performances have been held for guests at the hotel properties of our esteemed partners, including <strong>Valamar Riviera d.d., Laguna Pore\u010d d.d., Maistra d.d., and Arena Hospitality Group d.d.<\/strong><\/p>\t\t\t\t\t\t<\/div>\n\t\t\t\t<\/div>\n\t\t\t\t<\/div>\n\t\t<div class=\"elementor-element elementor-element-d4ef33c e-con-full e-flex e-con e-child\" data-id=\"d4ef33c\" data-element_type=\"container\" data-settings=\"{&quot;jet_parallax_layout_list&quot;:[]}\">\n\t\t\t\t<div class=\"elementor-element elementor-element-acd3aa2 elementor-widget elementor-widget-text-editor\" data-id=\"acd3aa2\" data-element_type=\"widget\" data-widget_type=\"text-editor.default\">\n\t\t\t\t<div class=\"elementor-widget-container\">\n\t\t\t\t\t\t\t<p>As part of the entertainment programs for children and adults in hotel facilities for their guests, Istra Inspirit reveals the history, myths, and legends of the Istrian peninsula through living history and storytelling, thereby captivating a large audience. Guests can enjoy stories, traditions, and the destination&#8217;s history without leaving the hotel complexes.<\/p><p>Istra Inspirit boasts collaborations with numerous renowned travel agencies from the country and abroad, such as <strong>Kompas.hr, Atlas d.d., PBZ Jumbo Travel Services d.d., and Gulliver Travel d.d.<\/strong> Through these partnerships, dozens of exclusive performances have been realized, with Istra Inspirit being recognized as the perfect partner for organizing an innovative product for their guests. This product includes elements of Istrian cultural heritage and customs, with details of theatrical performance.<\/p><p><b>What do your guests get by choosing Istra Inspirit?<\/b><\/p><ul><li>Maximum adaptation to the group&#8217;s inquiries \u2013 a &#8216;tailor-made&#8217; offer;<\/li><li>Consideration of the group&#8217;s size, interests, desires, and needs;<\/li><li>Exclusive Istra Inspirit performances are available all year round.<br \/>Innovative solutions for differently organized events;<\/li><li>Theatrical ambience at authentic locations;<\/li><li>A completely new and original experience tailored just for you!<\/li><\/ul>\t\t\t\t\t\t<\/div>\n\t\t\t\t<\/div>\n\t\t\t\t<\/div>\n\t\t\t\t\t<\/div>\n\t\t\t\t<\/div>\n\t\t<div class=\"elementor-element elementor-element-32a16fb e-flex e-con-boxed e-con e-parent\" data-id=\"32a16fb\" data-element_type=\"container\" data-settings=\"{&quot;jet_parallax_layout_list&quot;:[]}\">\n\t\t\t\t\t<div class=\"e-con-inner\">\n\t\t\t\t<div class=\"elementor-element elementor-element-f840241 elementor-align-center elementor-widget elementor-widget-button\" data-id=\"f840241\" data-element_type=\"widget\" data-widget_type=\"button.default\">\n\t\t\t\t<div class=\"elementor-widget-container\">\n\t\t\t\t\t<div class=\"elementor-button-wrapper\">\n\t\t\t<a class=\"elementor-button elementor-button-link elementor-size-sm\" href=\"#elementor-action%3Aaction%3Dpopup%3Aopen%26settings%3DeyJpZCI6MzczOCwidG9nZ2xlIjpmYWxzZX0%3D\">\n\t\t\t\t\t\t<span class=\"elementor-button-content-wrapper\">\n\t\t\t\t\t\t\t\t\t<span class=\"elementor-button-text\">Contact us<\/span>\n\t\t\t\t\t<\/span>\n\t\t\t\t\t<\/a>\n\t\t<\/div>\n\t\t\t\t<\/div>\n\t\t\t\t<\/div>\n\t\t\t\t\t<\/div>\n\t\t\t\t<\/div>\n\t\t\t\t<\/div>\n\t\t","protected":false},"excerpt":{"rendered":"<p>Do you want to provide your guests an unforgettable experience during their stay at your establishment and enrich and surprise your clients with innovative content? Then you are in the right place because here you can learn about everything the Istra Inspirit project offers to your travel agencies or hotels and discover the ideal program [&hellip;]<\/p>\n","protected":false},"author":1,"featured_media":4258,"parent":0,"menu_order":5,"comment_status":"closed","ping_status":"closed","template":"","meta":{"_monsterinsights_skip_tracking":false,"_monsterinsights_sitenote_active":false,"_monsterinsights_sitenote_note":"","_monsterinsights_sitenote_category":0,"footnotes":""},"_links":{"self":[{"href":"https:\/\/www.istrainspirit.hr\/en\/wp-json\/wp\/v2\/pages\/3725"}],"collection":[{"href":"https:\/\/www.istrainspirit.hr\/en\/wp-json\/wp\/v2\/pages"}],"about":[{"href":"https:\/\/www.istrainspirit.hr\/en\/wp-json\/wp\/v2\/types\/page"}],"author":[{"embeddable":true,"href":"https:\/\/www.istrainspirit.hr\/en\/wp-json\/wp\/v2\/users\/1"}],"replies":[{"embeddable":true,"href":"https:\/\/www.istrainspirit.hr\/en\/wp-json\/wp\/v2\/comments?post=3725"}],"version-history":[{"count":4,"href":"https:\/\/www.istrainspirit.hr\/en\/wp-json\/wp\/v2\/pages\/3725\/revisions"}],"predecessor-version":[{"id":4271,"href":"https:\/\/www.istrainspirit.hr\/en\/wp-json\/wp\/v2\/pages\/3725\/revisions\/4271"}],"wp:featuredmedia":[{"embeddable":true,"href":"https:\/\/www.istrainspirit.hr\/en\/wp-json\/wp\/v2\/media\/4258"}],"wp:attachment":[{"href":"https:\/\/www.istrainspirit.hr\/en\/wp-json\/wp\/v2\/media?parent=3725"}],"curies":[{"name":"wp","href":"https:\/\/api.w.org\/{rel}","templated":true}]}}