{"id":3728,"date":"2024-04-12T05:29:04","date_gmt":"2024-04-12T03:29:04","guid":{"rendered":"https:\/\/istrainspirit.dev.webencore.net\/calendar\/"},"modified":"2024-06-10T13:33:51","modified_gmt":"2024-06-10T11:33:51","slug":"calendar","status":"publish","type":"page","link":"https:\/\/www.istrainspirit.hr\/en\/calendar\/","title":{"rendered":"Calendar"},"content":{"rendered":"\t\t<div data-elementor-type=\"wp-page\" data-elementor-id=\"3728\" class=\"elementor elementor-3728 elementor-67\" data-elementor-post-type=\"page\">\n\t\t\t\t<div class=\"elementor-element elementor-element-69b69cc e-flex e-con-boxed e-con e-parent\" data-id=\"69b69cc\" data-element_type=\"container\" data-settings=\"{&quot;jet_parallax_layout_list&quot;:[]}\">\n\t\t\t\t\t<div class=\"e-con-inner\">\n\t\t\t\t<div class=\"elementor-element elementor-element-5c4dfb6 elementor-widget elementor-widget-jet-listing-calendar\" data-id=\"5c4dfb6\" data-element_type=\"widget\" data-widget_type=\"jet-listing-calendar.default\">\n\t\t\t\t<div class=\"elementor-widget-container\">\n\t\t\t<div class=\"jet-calendar jet-listing-calendar jet-listing-grid--258\" data-settings=\"{&quot;lisitng_id&quot;:&quot;258&quot;,&quot;week_days_format&quot;:&quot;short&quot;,&quot;allow_multiday&quot;:&quot;&quot;,&quot;end_date_key&quot;:&quot;&quot;,&quot;group_by&quot;:&quot;meta_date&quot;,&quot;group_by_key&quot;:&quot;datum&quot;,&quot;posts_query&quot;:[{&quot;_id&quot;:&quot;f2cfc32&quot;,&quot;type&quot;:&quot;tax_query&quot;,&quot;tax_query_taxonomy&quot;:&quot;kategorija-ponude&quot;,&quot;tax_query_compare&quot;:&quot;NOT IN&quot;,&quot;tax_query_field&quot;:&quot;slug&quot;,&quot;tax_query_terms&quot;:&quot;arhiva&quot;}],&quot;meta_query_relation&quot;:&quot;AND&quot;,&quot;tax_query_relation&quot;:&quot;AND&quot;,&quot;hide_widget_if&quot;:&quot;&quot;,&quot;caption_layout&quot;:&quot;layout-3&quot;,&quot;show_posts_nearby_months&quot;:&quot;yes&quot;,&quot;hide_past_events&quot;:&quot;&quot;,&quot;use_custom_post_types&quot;:&quot;yes&quot;,&quot;custom_post_types&quot;:[&quot;ponuda&quot;],&quot;custom_query&quot;:&quot;&quot;,&quot;custom_query_id&quot;:&quot;&quot;,&quot;_element_id&quot;:&quot;&quot;}\" data-post=\"3728\" data-listing-source=\"posts\" data-query-id=\"\"><table class=\"jet-calendar-grid\" ><caption class=\"jet-calendar-caption\">\n\t<div class=\"jet-calendar-caption__wrap wrap-layout-3\">\n\t\t<div class=\"jet-calendar-caption__name\">April 2026<\/div>\n\t\t<div class=\"jet-calendar-nav__link nav-link-prev\" data-month=\"March 2026\">\n\t\t\t<svg viewBox=\"0 0 90 179\" xmlns=\"http:\/\/www.w3.org\/2000\/svg\"><path transform=\"scale(0.1,-0.1) translate(0,-1536)\" d=\"M627 992q0 -13 -10 -23l-393 -393l393 -393q10 -10 10 -23t-10 -23l-50 -50q-10 -10 -23 -10t-23 10l-466 466q-10 10 -10 23t10 23l466 466q10 10 23 10t23 -10l50 -50q10 -10 10 -23z\" \/><\/svg>\n\t\t<\/div>\n\t\t<div class=\"jet-calendar-nav__link nav-link-next\" data-month=\"May 2026\">\n\t\t\t<svg viewBox=\"0 0 90 179\" xmlns=\"http:\/\/www.w3.org\/2000\/svg\"><path transform=\"scale(0.1,-0.1) translate(0,-1536)\" d=\"M627 992q0 -13 -10 -23l-393 -393l393 -393q10 -10 10 -23t-10 -23l-50 -50q-10 -10 -23 -10t-23 10l-466 466q-10 10 -10 23t10 23l466 466q10 10 23 10t23 -10l50 -50q10 -10 10 -23z\" \/><\/svg>\n\t\t<\/div>\n\t<\/div>\n<\/caption>\n<thead class=\"jet-calendar-header\">\n\t<tr class=\"jet-calendar-header__week\"><th class=\"jet-calendar-header__week-day\">Mon<\/th><th class=\"jet-calendar-header__week-day\">Tue<\/th><th class=\"jet-calendar-header__week-day\">Wed<\/th><th class=\"jet-calendar-header__week-day\">Thu<\/th><th class=\"jet-calendar-header__week-day\">Fri<\/th><th class=\"jet-calendar-header__week-day\">Sat<\/th><th class=\"jet-calendar-header__week-day\">Sun<\/th><\/tr>\n<\/thead><tbody><tr class=\"jet-calendar-week\"><td class=\"jet-calendar-week__day day-pad\">\n\t<div class=\"jet-calendar-week__day-wrap\">\n\t\t<div class=\"jet-calendar-week__day-header\">\n\t\t\t<div class=\"jet-calendar-week__day-date\">30<\/div>\n\t\t<\/div>\n\t\t\t\t<div class=\"jet-calendar-week__day-content\">\n\t\t\t\t<\/div>\n\t<\/div>\n<\/td><td class=\"jet-calendar-week__day day-pad\">\n\t<div class=\"jet-calendar-week__day-wrap\">\n\t\t<div class=\"jet-calendar-week__day-header\">\n\t\t\t<div class=\"jet-calendar-week__day-date\">31<\/div>\n\t\t<\/div>\n\t\t\t\t<div class=\"jet-calendar-week__day-content\">\n\t\t\t\t<\/div>\n\t<\/div>\n<\/td><td class=\"jet-calendar-week__day\">\n\t<div class=\"jet-calendar-week__day-wrap\">\n\t\t<div class=\"jet-calendar-week__day-header\">\n\t\t\t<div class=\"jet-calendar-week__day-date\">1<\/div>\n\t\t<\/div>\n\t\t\t\t<div class=\"jet-calendar-week__day-content\">\n\t\t\t\t<\/div>\n\t<\/div>\n<\/td><td class=\"jet-calendar-week__day\">\n\t<div class=\"jet-calendar-week__day-wrap\">\n\t\t<div class=\"jet-calendar-week__day-header\">\n\t\t\t<div class=\"jet-calendar-week__day-date\">2<\/div>\n\t\t<\/div>\n\t\t\t\t<div class=\"jet-calendar-week__day-content\">\n\t\t\t\t<\/div>\n\t<\/div>\n<\/td><td class=\"jet-calendar-week__day\">\n\t<div class=\"jet-calendar-week__day-wrap\">\n\t\t<div class=\"jet-calendar-week__day-header\">\n\t\t\t<div class=\"jet-calendar-week__day-date\">3<\/div>\n\t\t<\/div>\n\t\t\t\t<div class=\"jet-calendar-week__day-content\">\n\t\t\t\t<\/div>\n\t<\/div>\n<\/td><td class=\"jet-calendar-week__day\">\n\t<div class=\"jet-calendar-week__day-wrap\">\n\t\t<div class=\"jet-calendar-week__day-header\">\n\t\t\t<div class=\"jet-calendar-week__day-date\">4<\/div>\n\t\t<\/div>\n\t\t\t\t<div class=\"jet-calendar-week__day-content\">\n\t\t\t\t<\/div>\n\t<\/div>\n<\/td><td class=\"jet-calendar-week__day\">\n\t<div class=\"jet-calendar-week__day-wrap\">\n\t\t<div class=\"jet-calendar-week__day-header\">\n\t\t\t<div class=\"jet-calendar-week__day-date\">5<\/div>\n\t\t<\/div>\n\t\t\t\t<div class=\"jet-calendar-week__day-content\">\n\t\t\t\t<\/div>\n\t<\/div>\n<\/td><\/tr><tr class=\"jet-calendar-week\"><td class=\"jet-calendar-week__day\">\n\t<div class=\"jet-calendar-week__day-wrap\">\n\t\t<div class=\"jet-calendar-week__day-header\">\n\t\t\t<div class=\"jet-calendar-week__day-date\">6<\/div>\n\t\t<\/div>\n\t\t\t\t<div class=\"jet-calendar-week__day-content\">\n\t\t\t\t<\/div>\n\t<\/div>\n<\/td><td class=\"jet-calendar-week__day\">\n\t<div class=\"jet-calendar-week__day-wrap\">\n\t\t<div class=\"jet-calendar-week__day-header\">\n\t\t\t<div class=\"jet-calendar-week__day-date\">7<\/div>\n\t\t<\/div>\n\t\t\t\t<div class=\"jet-calendar-week__day-content\">\n\t\t\t\t<\/div>\n\t<\/div>\n<\/td><td class=\"jet-calendar-week__day\">\n\t<div class=\"jet-calendar-week__day-wrap\">\n\t\t<div class=\"jet-calendar-week__day-header\">\n\t\t\t<div class=\"jet-calendar-week__day-date\">8<\/div>\n\t\t<\/div>\n\t\t\t\t<div class=\"jet-calendar-week__day-content\">\n\t\t\t\t<\/div>\n\t<\/div>\n<\/td><td class=\"jet-calendar-week__day\">\n\t<div class=\"jet-calendar-week__day-wrap\">\n\t\t<div class=\"jet-calendar-week__day-header\">\n\t\t\t<div class=\"jet-calendar-week__day-date\">9<\/div>\n\t\t<\/div>\n\t\t\t\t<div class=\"jet-calendar-week__day-content\">\n\t\t\t\t<\/div>\n\t<\/div>\n<\/td><td class=\"jet-calendar-week__day\">\n\t<div class=\"jet-calendar-week__day-wrap\">\n\t\t<div class=\"jet-calendar-week__day-header\">\n\t\t\t<div class=\"jet-calendar-week__day-date\">10<\/div>\n\t\t<\/div>\n\t\t\t\t<div class=\"jet-calendar-week__day-content\">\n\t\t\t\t<\/div>\n\t<\/div>\n<\/td><td class=\"jet-calendar-week__day\">\n\t<div class=\"jet-calendar-week__day-wrap\">\n\t\t<div class=\"jet-calendar-week__day-header\">\n\t\t\t<div class=\"jet-calendar-week__day-date\">11<\/div>\n\t\t<\/div>\n\t\t\t\t<div class=\"jet-calendar-week__day-content\">\n\t\t\t\t<\/div>\n\t<\/div>\n<\/td><td class=\"jet-calendar-week__day\">\n\t<div class=\"jet-calendar-week__day-wrap\">\n\t\t<div class=\"jet-calendar-week__day-header\">\n\t\t\t<div class=\"jet-calendar-week__day-date\">12<\/div>\n\t\t<\/div>\n\t\t\t\t<div class=\"jet-calendar-week__day-content\">\n\t\t\t\t<\/div>\n\t<\/div>\n<\/td><\/tr><tr class=\"jet-calendar-week\"><td class=\"jet-calendar-week__day\">\n\t<div class=\"jet-calendar-week__day-wrap\">\n\t\t<div class=\"jet-calendar-week__day-header\">\n\t\t\t<div class=\"jet-calendar-week__day-date\">13<\/div>\n\t\t<\/div>\n\t\t\t\t<div class=\"jet-calendar-week__day-content\">\n\t\t\t\t<\/div>\n\t<\/div>\n<\/td><td class=\"jet-calendar-week__day\">\n\t<div class=\"jet-calendar-week__day-wrap\">\n\t\t<div class=\"jet-calendar-week__day-header\">\n\t\t\t<div class=\"jet-calendar-week__day-date\">14<\/div>\n\t\t<\/div>\n\t\t\t\t<div class=\"jet-calendar-week__day-content\">\n\t\t\t\t<\/div>\n\t<\/div>\n<\/td><td class=\"jet-calendar-week__day\">\n\t<div class=\"jet-calendar-week__day-wrap\">\n\t\t<div class=\"jet-calendar-week__day-header\">\n\t\t\t<div class=\"jet-calendar-week__day-date\">15<\/div>\n\t\t<\/div>\n\t\t\t\t<div class=\"jet-calendar-week__day-content\">\n\t\t\t\t<\/div>\n\t<\/div>\n<\/td><td class=\"jet-calendar-week__day\">\n\t<div class=\"jet-calendar-week__day-wrap\">\n\t\t<div class=\"jet-calendar-week__day-header\">\n\t\t\t<div class=\"jet-calendar-week__day-date\">16<\/div>\n\t\t<\/div>\n\t\t\t\t<div class=\"jet-calendar-week__day-content\">\n\t\t\t\t<\/div>\n\t<\/div>\n<\/td><td class=\"jet-calendar-week__day\">\n\t<div class=\"jet-calendar-week__day-wrap\">\n\t\t<div class=\"jet-calendar-week__day-header\">\n\t\t\t<div class=\"jet-calendar-week__day-date\">17<\/div>\n\t\t<\/div>\n\t\t\t\t<div class=\"jet-calendar-week__day-content\">\n\t\t\t\t<\/div>\n\t<\/div>\n<\/td><td class=\"jet-calendar-week__day\">\n\t<div class=\"jet-calendar-week__day-wrap\">\n\t\t<div class=\"jet-calendar-week__day-header\">\n\t\t\t<div class=\"jet-calendar-week__day-date\">18<\/div>\n\t\t<\/div>\n\t\t\t\t<div class=\"jet-calendar-week__day-content\">\n\t\t\t\t<\/div>\n\t<\/div>\n<\/td><td class=\"jet-calendar-week__day\">\n\t<div class=\"jet-calendar-week__day-wrap\">\n\t\t<div class=\"jet-calendar-week__day-header\">\n\t\t\t<div class=\"jet-calendar-week__day-date\">19<\/div>\n\t\t<\/div>\n\t\t\t\t<div class=\"jet-calendar-week__day-content\">\n\t\t\t\t<\/div>\n\t<\/div>\n<\/td><\/tr><tr class=\"jet-calendar-week\"><td class=\"jet-calendar-week__day\">\n\t<div class=\"jet-calendar-week__day-wrap\">\n\t\t<div class=\"jet-calendar-week__day-header\">\n\t\t\t<div class=\"jet-calendar-week__day-date\">20<\/div>\n\t\t<\/div>\n\t\t\t\t<div class=\"jet-calendar-week__day-content\">\n\t\t\t\t<\/div>\n\t<\/div>\n<\/td><td class=\"jet-calendar-week__day current-day\">\n\t<div class=\"jet-calendar-week__day-wrap\">\n\t\t<div class=\"jet-calendar-week__day-header\">\n\t\t\t<div class=\"jet-calendar-week__day-date\">21<\/div>\n\t\t<\/div>\n\t\t\t\t<div class=\"jet-calendar-week__day-content\">\n\t\t\t\t<\/div>\n\t<\/div>\n<\/td><td class=\"jet-calendar-week__day\">\n\t<div class=\"jet-calendar-week__day-wrap\">\n\t\t<div class=\"jet-calendar-week__day-header\">\n\t\t\t<div class=\"jet-calendar-week__day-date\">22<\/div>\n\t\t<\/div>\n\t\t\t\t<div class=\"jet-calendar-week__day-content\">\n\t\t\t\t<\/div>\n\t<\/div>\n<\/td><td class=\"jet-calendar-week__day\">\n\t<div class=\"jet-calendar-week__day-wrap\">\n\t\t<div class=\"jet-calendar-week__day-header\">\n\t\t\t<div class=\"jet-calendar-week__day-date\">23<\/div>\n\t\t<\/div>\n\t\t\t\t<div class=\"jet-calendar-week__day-content\">\n\t\t\t\t<\/div>\n\t<\/div>\n<\/td><td class=\"jet-calendar-week__day\">\n\t<div class=\"jet-calendar-week__day-wrap\">\n\t\t<div class=\"jet-calendar-week__day-header\">\n\t\t\t<div class=\"jet-calendar-week__day-date\">24<\/div>\n\t\t<\/div>\n\t\t\t\t<div class=\"jet-calendar-week__day-content\">\n\t\t\t\t<\/div>\n\t<\/div>\n<\/td><td class=\"jet-calendar-week__day\">\n\t<div class=\"jet-calendar-week__day-wrap\">\n\t\t<div class=\"jet-calendar-week__day-header\">\n\t\t\t<div class=\"jet-calendar-week__day-date\">25<\/div>\n\t\t<\/div>\n\t\t\t\t<div class=\"jet-calendar-week__day-content\">\n\t\t\t\t<\/div>\n\t<\/div>\n<\/td><td class=\"jet-calendar-week__day\">\n\t<div class=\"jet-calendar-week__day-wrap\">\n\t\t<div class=\"jet-calendar-week__day-header\">\n\t\t\t<div class=\"jet-calendar-week__day-date\">26<\/div>\n\t\t<\/div>\n\t\t\t\t<div class=\"jet-calendar-week__day-content\">\n\t\t\t\t<\/div>\n\t<\/div>\n<\/td><\/tr><tr class=\"jet-calendar-week\"><td class=\"jet-calendar-week__day\">\n\t<div class=\"jet-calendar-week__day-wrap\">\n\t\t<div class=\"jet-calendar-week__day-header\">\n\t\t\t<div class=\"jet-calendar-week__day-date\">27<\/div>\n\t\t<\/div>\n\t\t\t\t<div class=\"jet-calendar-week__day-content\">\n\t\t\t\t<\/div>\n\t<\/div>\n<\/td><td class=\"jet-calendar-week__day\">\n\t<div class=\"jet-calendar-week__day-wrap\">\n\t\t<div class=\"jet-calendar-week__day-header\">\n\t\t\t<div class=\"jet-calendar-week__day-date\">28<\/div>\n\t\t<\/div>\n\t\t\t\t<div class=\"jet-calendar-week__day-content\">\n\t\t\t\t<\/div>\n\t<\/div>\n<\/td><td class=\"jet-calendar-week__day\">\n\t<div class=\"jet-calendar-week__day-wrap\">\n\t\t<div class=\"jet-calendar-week__day-header\">\n\t\t\t<div class=\"jet-calendar-week__day-date\">29<\/div>\n\t\t<\/div>\n\t\t\t\t<div class=\"jet-calendar-week__day-content\">\n\t\t\t\t<\/div>\n\t<\/div>\n<\/td><td class=\"jet-calendar-week__day\">\n\t<div class=\"jet-calendar-week__day-wrap\">\n\t\t<div class=\"jet-calendar-week__day-header\">\n\t\t\t<div class=\"jet-calendar-week__day-date\">30<\/div>\n\t\t<\/div>\n\t\t\t\t<div class=\"jet-calendar-week__day-content\">\n\t\t\t\t<\/div>\n\t<\/div>\n<\/td><td class=\"jet-calendar-week__day day-pad\">\n\t<div class=\"jet-calendar-week__day-wrap\">\n\t\t<div class=\"jet-calendar-week__day-header\">\n\t\t\t<div class=\"jet-calendar-week__day-date\">1<\/div>\n\t\t<\/div>\n\t\t\t\t<div class=\"jet-calendar-week__day-content\">\n\t\t\t\t<\/div>\n\t<\/div>\n<\/td><td class=\"jet-calendar-week__day day-pad\">\n\t<div class=\"jet-calendar-week__day-wrap\">\n\t\t<div class=\"jet-calendar-week__day-header\">\n\t\t\t<div class=\"jet-calendar-week__day-date\">2<\/div>\n\t\t<\/div>\n\t\t\t\t<div class=\"jet-calendar-week__day-content\">\n\t\t\t\t<\/div>\n\t<\/div>\n<\/td><td class=\"jet-calendar-week__day day-pad\">\n\t<div class=\"jet-calendar-week__day-wrap\">\n\t\t<div class=\"jet-calendar-week__day-header\">\n\t\t\t<div class=\"jet-calendar-week__day-date\">3<\/div>\n\t\t<\/div>\n\t\t\t\t<div class=\"jet-calendar-week__day-content\">\n\t\t\t\t<\/div>\n\t<\/div>\n<\/td><\/tr><\/tbody><\/table><\/div>\t\t<\/div>\n\t\t\t\t<\/div>\n\t\t\t\t\t<\/div>\n\t\t\t\t<\/div>\n\t\t\t\t<\/div>\n\t\t","protected":false},"excerpt":{"rendered":"<p>lipanj 2024 Pon Uto Sri \u010cet Pet Sub Ned 27 28 29 30 31 1 2 3 4 5 6 7 8 9 10 11 12 13 14 15 16 17 18 Do\u017eivljaji Do\u017eivljaji 19 20 Ture Ture 21 22 23 24 25 Ture Ture 26 27 28 29 Ture Ture 30 1 Ture Ture [&hellip;]<\/p>\n","protected":false},"author":1,"featured_media":4234,"parent":0,"menu_order":2,"comment_status":"closed","ping_status":"closed","template":"","meta":{"_monsterinsights_skip_tracking":false,"_monsterinsights_sitenote_active":false,"_monsterinsights_sitenote_note":"","_monsterinsights_sitenote_category":0,"footnotes":""},"_links":{"self":[{"href":"https:\/\/www.istrainspirit.hr\/en\/wp-json\/wp\/v2\/pages\/3728"}],"collection":[{"href":"https:\/\/www.istrainspirit.hr\/en\/wp-json\/wp\/v2\/pages"}],"about":[{"href":"https:\/\/www.istrainspirit.hr\/en\/wp-json\/wp\/v2\/types\/page"}],"author":[{"embeddable":true,"href":"https:\/\/www.istrainspirit.hr\/en\/wp-json\/wp\/v2\/users\/1"}],"replies":[{"embeddable":true,"href":"https:\/\/www.istrainspirit.hr\/en\/wp-json\/wp\/v2\/comments?post=3728"}],"version-history":[{"count":7,"href":"https:\/\/www.istrainspirit.hr\/en\/wp-json\/wp\/v2\/pages\/3728\/revisions"}],"predecessor-version":[{"id":4645,"href":"https:\/\/www.istrainspirit.hr\/en\/wp-json\/wp\/v2\/pages\/3728\/revisions\/4645"}],"wp:featuredmedia":[{"embeddable":true,"href":"https:\/\/www.istrainspirit.hr\/en\/wp-json\/wp\/v2\/media\/4234"}],"wp:attachment":[{"href":"https:\/\/www.istrainspirit.hr\/en\/wp-json\/wp\/v2\/media?parent=3728"}],"curies":[{"name":"wp","href":"https:\/\/api.w.org\/{rel}","templated":true}]}}